{"id":332,"date":"2022-10-04T15:31:13","date_gmt":"2022-10-04T13:31:13","guid":{"rendered":"https:\/\/normandielovers.fr\/sobre\/"},"modified":"2024-07-08T14:35:26","modified_gmt":"2024-07-08T12:35:26","slug":"sobre","status":"publish","type":"page","link":"https:\/\/normandielovers.fr\/es\/sobre\/","title":{"rendered":"Acerca de Normandie Lovers y Region Lovers"},"content":{"rendered":"\n<p>Bienvenido a nuestra p\u00e1gina web,<\/p>\n\n<p>En primer lugar, para que no se pierda, <strong>Normandie Lovers <\/strong>es la p\u00e1gina web de <strong>Region Lovers<\/strong> dedicada a nuestra regi\u00f3n, Normand\u00eda.<\/p>\n\n<p>Somos <strong>Claire y Emmanuel Robinson<\/strong>, una hermana, un hermano, un pol\u00edglota, un amante de las palabras, un viajero, un epic\u00fareo&#8230;<\/p>\n\n<p>Desde 2013, <a href=\"https:\/\/normandielovers.fr\/es\/claire\/\" target=\"_blank\" rel=\"noreferrer noopener\">Claire<\/a> publica<strong> gu\u00edas de viaje <\/strong>por todo el mundo que se han convertido en <strong>referentes <\/strong>para los amantes de los viajes por carretera. En 2022, <a href=\"https:\/\/normandielovers.fr\/es\/emmanuel-robinson\/\" target=\"_blank\" rel=\"noreferrer noopener\">Emmanuel<\/a> decidi\u00f3 unirse a ella para fundar <strong>Region Lovers<\/strong>.<\/p>\n\n<p>\u00bfNuestro objetivo? Crear <strong>sitios web dedicados a los destinos<\/strong>, dise\u00f1ados para <strong>guiarle en su elecci\u00f3n<\/strong> mediante<strong> contenidos de calidad<\/strong> (sin patrocinio, viajes realmente realizados, art\u00edculos estructurados, garant\u00eda \u00abcertificada real\u00bb).<\/p>\n\n<figure class=\"wp-block-image size-large\"><img decoding=\"async\" src=\"https:\/\/corsicalovers.fr\/wp-content\/uploads\/2023\/03\/emmanuelclaire-1024x684.jpeg\" alt=\"\"\/><\/figure>\n\n<h2 class=\"wp-block-heading\">Los or\u00edgenes de Region Lovers<\/h2>\n\n<p>Region Lovers naci\u00f3 en <strong>agosto de 2022<\/strong> de la constataci\u00f3n de que a los viajeros les resultaba dif\u00edcil tomar las <strong>decisiones<\/strong> que les permitieran construir un viaje <strong>a su medida<\/strong>.<\/p>\n\n<p>Demasiada informaci\u00f3n, dispersa en multitud de plataformas, contenidos patrocinados demasiado buenos para ser verdad, historias completamente egoc\u00e9ntricas, sitios ilegibles o no actualizados&#8230;<\/p>\n\n<p>Buscamos una <strong>nueva forma de bloguear que fuera<\/strong> a la vez m\u00e1s \u00fatil y m\u00e1s \u00e9tica, aprovechando las lecciones aprendidas en los 10 a\u00f1os de pr\u00e1ctica diaria de Claire. Ahora est\u00e1 leyendo el resultado de todo este trabajo, \u00a1y esperamos haber cumplido sus expectativas!<\/p>\n\n<figure class=\"wp-block-image\"><img decoding=\"async\" src=\"https:\/\/photos.smugmug.com\/Travel\/France\/Le-Havre\/i-Gn4VmGp\/5\/c351a225\/L\/IMG_1679-L.jpg\" alt=\"\"\/><figcaption class=\"wp-element-caption\">La playa de Le Havre, que visitamos muchas veces para crear Region Lovers<\/figcaption><\/figure>\n\n<h2 class=\"wp-block-heading\">Nuestros valores y compromisos<\/h2>\n\n<p>Como puede ver, la <strong>autenticidad<\/strong> est\u00e1 en el centro de nuestro enfoque. Nos pondremos en su lugar y compartiremos con usted lo que <strong>realmente<\/strong> hemos visto y experimentado.<\/p>\n\n<p>Y para que este <strong>contrato de<\/strong> confianza entre usted y nosotros sea lo m\u00e1s s\u00f3lido posible, nos comprometemos a respetar <strong>10 compromisos<\/strong>:<\/p>\n\n<ol class=\"wp-block-list\">\n<li>Visite todos los lugares de los que le hablamos.<\/li>\n\n\n\n<li>Para cada ciudad, al\u00f3jese en al menos un hotel y visite los que le recomendamos.<\/li>\n\n\n\n<li>Para cada ciudad, coma en al menos un restaurante y visite los que seleccionemos.<\/li>\n\n\n\n<li>Pague \u00edntegramente todas nuestras facturas y rechace cualquier asociaci\u00f3n o patrocinio.<\/li>\n\n\n\n<li>Actualizar peri\u00f3dicamente nuestros art\u00edculos, con la ayuda de nuestros lectores.<\/li>\n\n\n\n<li>Enriquecer nuestros art\u00edculos con nuestras experiencias de primera mano.<\/li>\n\n\n\n<li>Utilizar el 99% de nuestras propias fotos.<\/li>\n\n\n\n<li>Hacer un uso razonado y transparente de las herramientas digitales, que alimentamos con informaci\u00f3n verificada in situ.<\/li>\n\n\n\n<li>Facilite informaci\u00f3n sobre el binomio viajero\/escritor que dio origen al art\u00edculo.<\/li>\n\n\n\n<li>D\u00edgale lo que hacemos, \u00a1y haga lo que le decimos!<\/li>\n<\/ol>\n\n<figure class=\"wp-block-image\"><img decoding=\"async\" src=\"https:\/\/photos.smugmug.com\/Normandie-Lovers\/Normandie-Lovers\/i-42FF9B3\/0\/b1f6302b\/L\/facture_restaurant_normandy-L.jpg\" alt=\"La factura del restaurante\"\/><figcaption class=\"wp-element-caption\">\u00a1El precio de nuestra libertad de expresi\u00f3n!<\/figcaption><\/figure>\n\n<h2 class=\"wp-block-heading\">El equipo de Region Lovers: experiencia y pasi\u00f3n<\/h2>\n\n<p>Empezamos en Normand\u00eda. Qu\u00e9 m\u00e1s l\u00f3gico, \u00a1haber nacido all\u00ed y volver a vivir all\u00ed hoy! Una vez satisfechos con los resultados, decidimos empezar a crecer, paso a paso, para ofrecerle nuevos destinos.<\/p>\n\n<ul class=\"wp-block-list\">\n<li><a href=\"https:\/\/regionlovers.fr\" target=\"_blank\" rel=\"noreferrer noopener\">Descubra todos los destinos propuestos por Region Lovers<\/a><\/li>\n<\/ul>\n\n<p>Para lograrlo, el equipo ha crecido, pero manteniendo el mismo nivel de exigencia en cuanto a la calidad de nuestros contenidos y el respeto por los valores que nos gu\u00edan a diario.<\/p>\n\n<figure class=\"wp-block-image size-large\"><a href=\"https:\/\/loirelovers.fr\/fanny-auffret\/\" target=\"_blank\" rel=\"noreferrer noopener\"><img decoding=\"async\" src=\"https:\/\/photos.smugmug.com\/Region-Lovers\/Generique\/i-MR3r4Sx\/0\/4eb3a015\/L\/_GAB2628-L.jpg\" alt=\"\"\/><\/a><figcaption class=\"wp-element-caption\">Fanny, Elisa y Myriam<\/figcaption><\/figure>\n\n<ul class=\"wp-block-list\">\n<li><a href=\"https:\/\/regionlovers.fr\/equipe\/\" target=\"_blank\" rel=\"noreferrer noopener\">Conozca a todo el equipo de Region Lovers<\/a><\/li>\n<\/ul>\n\n<h3 class=\"wp-block-heading\">Region Lovers: \u00bfC\u00f3mo funciona?<\/h3>\n\n<p>Cada miembro del equipo <strong>recibe una formaci\u00f3n rigurosa <\/strong>sobre viajes y redacci\u00f3n (\u00a1no es tan f\u00e1cil como parece!), basada en todo lo que hemos aprendido en nuestros 10 a\u00f1os de blog y en nuestros numerosos viajes por todo el mundo.<\/p>\n\n<p>Cuando decidimos crear un sitio sobre una regi\u00f3n, enviamos a uno o varios miembros del equipo a pasar varias semanas en la <strong>zona<\/strong> para recopilar informaci\u00f3n, hacer fotos y probar hoteles y restaurantes.<\/p>\n<div class=\"wp-block-image\">\n<figure class=\"aligncenter\"><img decoding=\"async\" src=\"https:\/\/photos.smugmug.com\/Vallee-loire\/Loire-lovers\/i-C72BN6G\/0\/5b34e182\/L\/loire-lovers-emmanuel-2-L.jpg\" alt=\"\"\/><figcaption class=\"wp-element-caption\">\u00a1Peligrosos reportajes fotogr\u00e1ficos!<\/figcaption><\/figure>\n<\/div>\n<p>A su regreso, los viajeros comunican fielmente sus <strong>impresiones, favoritos y lecciones aprendidas<\/strong> al resto del equipo, y juntos redactan los art\u00edculos para ofrecerle un contenido de calidad.<\/p>\n\n<p>Y por \u00faltimo, \u00a1volvemos <strong>peri\u00f3dicamente<\/strong> a los sitios documentados para asegurarnos de que nuestra informaci\u00f3n sigue siendo exacta!<\/p>\n\n<h2 class=\"wp-block-heading\">\u00bfDe qu\u00e9 vive Region Lovers?<\/h2>\n\n<p>Para seguir ofreci\u00e9ndole toda la informaci\u00f3n posible, contamos con <strong>usted<\/strong>:<\/p>\n\n<ul class=\"wp-block-list\">\n<li>Comprando una de nuestras<strong> gu\u00edas<\/strong>.<\/li>\n\n\n\n<li>Al elegir su <strong>hotel<\/strong>, <strong>alquiler de coche <\/strong>, <strong>actividad o excursi\u00c3\u00b3n<\/strong> a trav\u00c3\u00a9s de uno de nuestros enlaces de afiliados (en cuyo caso recibimos una peque\u00c3\u00b1a parte de la comisi\u00c3\u00b3n de la plataforma).<\/li>\n<\/ul>\n\n<p><a href=\"https:\/\/normandielovers.fr\/es\/contacto\/\" target=\"_blank\" rel=\"noreferrer noopener\">Cont\u00e1ctenos<\/a><\/p>\n","protected":false},"excerpt":{"rendered":"<p>Bienvenido a nuestra p\u00e1gina web, En primer lugar, para que no se pierda, Normandie Lovers es la p\u00e1gina web de Region Lovers dedicada a nuestra regi\u00f3n, Normand\u00eda. Somos Claire y Emmanuel Robinson, una hermana, un hermano, un pol\u00edglota, un amante de las palabras, un viajero, un epic\u00fareo&#8230; Desde 2013, Claire publica gu\u00edas de viaje por [&hellip;]<\/p>\n","protected":false},"author":1,"featured_media":668,"parent":0,"menu_order":0,"comment_status":"closed","ping_status":"closed","template":"","meta":{"_genesis_hide_title":false,"_genesis_hide_breadcrumbs":false,"_genesis_hide_singular_image":false,"_genesis_hide_footer_widgets":false,"_genesis_custom_body_class":"","_genesis_custom_post_class":"","_genesis_layout":"","footnotes":""},"class_list":{"0":"post-332","1":"page","2":"type-page","3":"status-publish","4":"has-post-thumbnail","6":"entry"},"yoast_head":"<!-- This site is optimized with the Yoast SEO plugin v27.2 - https:\/\/yoast.com\/product\/yoast-seo-wordpress\/ -->\n<title>Acerca de Normandie Lovers, Claire y Manu...<\/title>\n<meta name=\"description\" content=\"M\u00e1s informaci\u00f3n sobre Claire, Manu y el blog Normandy Lovers creado para ayudarle a despertar sus sentidos en esta hermosa regi\u00f3n\" \/>\n<meta name=\"robots\" content=\"index, follow, max-snippet:-1, max-image-preview:large, max-video-preview:-1\" \/>\n<link rel=\"canonical\" href=\"https:\/\/normandielovers.fr\/es\/sobre\/\" \/>\n<meta property=\"og:locale\" content=\"es_ES\" \/>\n<meta property=\"og:type\" content=\"article\" \/>\n<meta property=\"og:title\" content=\"Acerca de Normandie Lovers, Claire y Manu...\" \/>\n<meta property=\"og:description\" content=\"M\u00e1s informaci\u00f3n sobre Claire, Manu y el blog Normandy Lovers creado para ayudarle a despertar sus sentidos en esta hermosa regi\u00f3n\" \/>\n<meta property=\"og:url\" content=\"https:\/\/normandielovers.fr\/es\/sobre\/\" \/>\n<meta property=\"og:site_name\" content=\"Normandie Lovers\" \/>\n<meta property=\"article:modified_time\" content=\"2024-07-08T12:35:26+00:00\" \/>\n<meta property=\"og:image\" content=\"https:\/\/normandielovers.fr\/wp-content\/uploads\/2022\/10\/Normandie-Lovers-Logos-RVB_Principal-bicolore.png\" \/>\n\t<meta property=\"og:image:width\" content=\"2886\" \/>\n\t<meta property=\"og:image:height\" content=\"747\" \/>\n\t<meta property=\"og:image:type\" content=\"image\/png\" \/>\n<meta name=\"twitter:card\" content=\"summary_large_image\" \/>\n<meta name=\"twitter:label1\" content=\"Tiempo de lectura\" \/>\n\t<meta name=\"twitter:data1\" content=\"4 minutos\" \/>\n<script type=\"application\/ld+json\" class=\"yoast-schema-graph\">{\"@context\":\"https:\/\/schema.org\",\"@graph\":[{\"@type\":\"WebPage\",\"@id\":\"https:\/\/normandielovers.fr\/es\/sobre\/\",\"url\":\"https:\/\/normandielovers.fr\/es\/sobre\/\",\"name\":\"Acerca de Normandie Lovers, Claire y Manu...\",\"isPartOf\":{\"@id\":\"https:\/\/normandielovers.fr\/es\/#website\"},\"primaryImageOfPage\":{\"@id\":\"https:\/\/normandielovers.fr\/es\/sobre\/#primaryimage\"},\"image\":{\"@id\":\"https:\/\/normandielovers.fr\/es\/sobre\/#primaryimage\"},\"thumbnailUrl\":\"https:\/\/normandielovers.fr\/wp-content\/uploads\/2022\/10\/Normandie-Lovers-Logos-RVB_Principal-bicolore.png\",\"datePublished\":\"2022-10-04T13:31:13+00:00\",\"dateModified\":\"2024-07-08T12:35:26+00:00\",\"description\":\"M\u00e1s informaci\u00f3n sobre Claire, Manu y el blog Normandy Lovers creado para ayudarle a despertar sus sentidos en esta hermosa regi\u00f3n\",\"breadcrumb\":{\"@id\":\"https:\/\/normandielovers.fr\/es\/sobre\/#breadcrumb\"},\"inLanguage\":\"es\",\"potentialAction\":[{\"@type\":\"ReadAction\",\"target\":[\"https:\/\/normandielovers.fr\/es\/sobre\/\"]}]},{\"@type\":\"ImageObject\",\"inLanguage\":\"es\",\"@id\":\"https:\/\/normandielovers.fr\/es\/sobre\/#primaryimage\",\"url\":\"https:\/\/normandielovers.fr\/wp-content\/uploads\/2022\/10\/Normandie-Lovers-Logos-RVB_Principal-bicolore.png\",\"contentUrl\":\"https:\/\/normandielovers.fr\/wp-content\/uploads\/2022\/10\/Normandie-Lovers-Logos-RVB_Principal-bicolore.png\",\"width\":2886,\"height\":747,\"caption\":\"Normandie Lovers Logos RVB_Principal bicolore\"},{\"@type\":\"BreadcrumbList\",\"@id\":\"https:\/\/normandielovers.fr\/es\/sobre\/#breadcrumb\",\"itemListElement\":[{\"@type\":\"ListItem\",\"position\":1,\"name\":\"Home\",\"item\":\"https:\/\/normandielovers.fr\/es\/\"},{\"@type\":\"ListItem\",\"position\":2,\"name\":\"Acerca de Normandie Lovers y Region Lovers\"}]},{\"@type\":\"WebSite\",\"@id\":\"https:\/\/normandielovers.fr\/es\/#website\",\"url\":\"https:\/\/normandielovers.fr\/es\/\",\"name\":\"Normandie Lovers\",\"description\":\"Para despertar sus sentidos en Normand\u00eda - El blog de Claire y Manu\",\"publisher\":{\"@id\":\"https:\/\/normandielovers.fr\/es\/#organization\"},\"potentialAction\":[{\"@type\":\"SearchAction\",\"target\":{\"@type\":\"EntryPoint\",\"urlTemplate\":\"https:\/\/normandielovers.fr\/es\/?s={search_term_string}\"},\"query-input\":{\"@type\":\"PropertyValueSpecification\",\"valueRequired\":true,\"valueName\":\"search_term_string\"}}],\"inLanguage\":\"es\"},{\"@type\":\"Organization\",\"@id\":\"https:\/\/normandielovers.fr\/es\/#organization\",\"name\":\"Normandie Lovers\",\"url\":\"https:\/\/normandielovers.fr\/es\/\",\"logo\":{\"@type\":\"ImageObject\",\"inLanguage\":\"es\",\"@id\":\"https:\/\/normandielovers.fr\/es\/#\/schema\/logo\/image\/\",\"url\":\"https:\/\/normandielovers.fr\/wp-content\/uploads\/2022\/11\/Normandie-Lovers-Logo-Blog-de-viajes.png\",\"contentUrl\":\"https:\/\/normandielovers.fr\/wp-content\/uploads\/2022\/11\/Normandie-Lovers-Logo-Blog-de-viajes.png\",\"width\":2884,\"height\":863,\"caption\":\"Normandie Lovers\"},\"image\":{\"@id\":\"https:\/\/normandielovers.fr\/es\/#\/schema\/logo\/image\/\"}}]}<\/script>\n<!-- \/ Yoast SEO plugin. -->","yoast_head_json":{"title":"Acerca de Normandie Lovers, Claire y Manu...","description":"M\u00e1s informaci\u00f3n sobre Claire, Manu y el blog Normandy Lovers creado para ayudarle a despertar sus sentidos en esta hermosa regi\u00f3n","robots":{"index":"index","follow":"follow","max-snippet":"max-snippet:-1","max-image-preview":"max-image-preview:large","max-video-preview":"max-video-preview:-1"},"canonical":"https:\/\/normandielovers.fr\/es\/sobre\/","og_locale":"es_ES","og_type":"article","og_title":"Acerca de Normandie Lovers, Claire y Manu...","og_description":"M\u00e1s informaci\u00f3n sobre Claire, Manu y el blog Normandy Lovers creado para ayudarle a despertar sus sentidos en esta hermosa regi\u00f3n","og_url":"https:\/\/normandielovers.fr\/es\/sobre\/","og_site_name":"Normandie Lovers","article_modified_time":"2024-07-08T12:35:26+00:00","og_image":[{"width":2886,"height":747,"url":"https:\/\/normandielovers.fr\/wp-content\/uploads\/2022\/10\/Normandie-Lovers-Logos-RVB_Principal-bicolore.png","type":"image\/png"}],"twitter_card":"summary_large_image","twitter_misc":{"Tiempo de lectura":"4 minutos"},"schema":{"@context":"https:\/\/schema.org","@graph":[{"@type":"WebPage","@id":"https:\/\/normandielovers.fr\/es\/sobre\/","url":"https:\/\/normandielovers.fr\/es\/sobre\/","name":"Acerca de Normandie Lovers, Claire y Manu...","isPartOf":{"@id":"https:\/\/normandielovers.fr\/es\/#website"},"primaryImageOfPage":{"@id":"https:\/\/normandielovers.fr\/es\/sobre\/#primaryimage"},"image":{"@id":"https:\/\/normandielovers.fr\/es\/sobre\/#primaryimage"},"thumbnailUrl":"https:\/\/normandielovers.fr\/wp-content\/uploads\/2022\/10\/Normandie-Lovers-Logos-RVB_Principal-bicolore.png","datePublished":"2022-10-04T13:31:13+00:00","dateModified":"2024-07-08T12:35:26+00:00","description":"M\u00e1s informaci\u00f3n sobre Claire, Manu y el blog Normandy Lovers creado para ayudarle a despertar sus sentidos en esta hermosa regi\u00f3n","breadcrumb":{"@id":"https:\/\/normandielovers.fr\/es\/sobre\/#breadcrumb"},"inLanguage":"es","potentialAction":[{"@type":"ReadAction","target":["https:\/\/normandielovers.fr\/es\/sobre\/"]}]},{"@type":"ImageObject","inLanguage":"es","@id":"https:\/\/normandielovers.fr\/es\/sobre\/#primaryimage","url":"https:\/\/normandielovers.fr\/wp-content\/uploads\/2022\/10\/Normandie-Lovers-Logos-RVB_Principal-bicolore.png","contentUrl":"https:\/\/normandielovers.fr\/wp-content\/uploads\/2022\/10\/Normandie-Lovers-Logos-RVB_Principal-bicolore.png","width":2886,"height":747,"caption":"Normandie Lovers Logos RVB_Principal bicolore"},{"@type":"BreadcrumbList","@id":"https:\/\/normandielovers.fr\/es\/sobre\/#breadcrumb","itemListElement":[{"@type":"ListItem","position":1,"name":"Home","item":"https:\/\/normandielovers.fr\/es\/"},{"@type":"ListItem","position":2,"name":"Acerca de Normandie Lovers y Region Lovers"}]},{"@type":"WebSite","@id":"https:\/\/normandielovers.fr\/es\/#website","url":"https:\/\/normandielovers.fr\/es\/","name":"Normandie Lovers","description":"Para despertar sus sentidos en Normand\u00eda - El blog de Claire y Manu","publisher":{"@id":"https:\/\/normandielovers.fr\/es\/#organization"},"potentialAction":[{"@type":"SearchAction","target":{"@type":"EntryPoint","urlTemplate":"https:\/\/normandielovers.fr\/es\/?s={search_term_string}"},"query-input":{"@type":"PropertyValueSpecification","valueRequired":true,"valueName":"search_term_string"}}],"inLanguage":"es"},{"@type":"Organization","@id":"https:\/\/normandielovers.fr\/es\/#organization","name":"Normandie Lovers","url":"https:\/\/normandielovers.fr\/es\/","logo":{"@type":"ImageObject","inLanguage":"es","@id":"https:\/\/normandielovers.fr\/es\/#\/schema\/logo\/image\/","url":"https:\/\/normandielovers.fr\/wp-content\/uploads\/2022\/11\/Normandie-Lovers-Logo-Blog-de-viajes.png","contentUrl":"https:\/\/normandielovers.fr\/wp-content\/uploads\/2022\/11\/Normandie-Lovers-Logo-Blog-de-viajes.png","width":2884,"height":863,"caption":"Normandie Lovers"},"image":{"@id":"https:\/\/normandielovers.fr\/es\/#\/schema\/logo\/image\/"}}]}},"featured_image_src":"https:\/\/normandielovers.fr\/wp-content\/uploads\/2022\/10\/Normandie-Lovers-Logos-RVB_Principal-bicolore-600x400.png","featured_image_src_square":"https:\/\/normandielovers.fr\/wp-content\/uploads\/2022\/10\/Normandie-Lovers-Logos-RVB_Principal-bicolore-600x600.png","_links":{"self":[{"href":"https:\/\/normandielovers.fr\/es\/wp-json\/wp\/v2\/pages\/332","targetHints":{"allow":["GET"]}}],"collection":[{"href":"https:\/\/normandielovers.fr\/es\/wp-json\/wp\/v2\/pages"}],"about":[{"href":"https:\/\/normandielovers.fr\/es\/wp-json\/wp\/v2\/types\/page"}],"author":[{"embeddable":true,"href":"https:\/\/normandielovers.fr\/es\/wp-json\/wp\/v2\/users\/1"}],"replies":[{"embeddable":true,"href":"https:\/\/normandielovers.fr\/es\/wp-json\/wp\/v2\/comments?post=332"}],"version-history":[{"count":0,"href":"https:\/\/normandielovers.fr\/es\/wp-json\/wp\/v2\/pages\/332\/revisions"}],"wp:featuredmedia":[{"embeddable":true,"href":"https:\/\/normandielovers.fr\/es\/wp-json\/wp\/v2\/media\/668"}],"wp:attachment":[{"href":"https:\/\/normandielovers.fr\/es\/wp-json\/wp\/v2\/media?parent=332"}],"curies":[{"name":"wp","href":"https:\/\/api.w.org\/{rel}","templated":true}]}}