{"id":12538,"date":"2024-01-11T18:05:22","date_gmt":"2024-01-11T17:05:22","guid":{"rendered":"https:\/\/normandielovers.fr\/severine-harzo\/"},"modified":"2024-02-18T10:51:59","modified_gmt":"2024-02-18T09:51:59","slug":"severine-harzo","status":"publish","type":"page","link":"https:\/\/normandielovers.fr\/es\/severine-harzo\/","title":{"rendered":"Acerca de S\u00e8verine HARZO"},"content":{"rendered":"\n<p>Conozca a S\u00e8verine, empleada de Region Lovers, una empresa feliz que lleva m\u00e1s de 10 a\u00f1os recorriendo el mundo para ofrecerle informaci\u00f3n certificada, \u00fatil y de calidad. Queremos ayudarle a tomar las decisiones que necesita para construir un viaje a su medida.<\/p>\n\n<p>El equipo ha crecido con los a\u00f1os, pero S\u00e8verine, como todos los autores de Region Lovers, se adhiere a un marco y a unos valores para cumplir nuestro contrato de confianza con nuestros lectores. Afortunadamente, sin embargo, cada art\u00edculo es siempre un reflejo de su autor y de sus pasiones.<\/p>\n<div class=\"wp-block-image\">\n<figure class=\"aligncenter size-large\"><img decoding=\"async\" src=\"https:\/\/photos.smugmug.com\/Region-Lovers\/Equipe\/i-gFtV6Dq\/0\/C6RSrhKpdND9MjrwpgnJSBdMhs3jLBgbGtBgdHX2x\/L\/severine-2-L.jpg\" alt=\"\"\/><\/figure>\n<\/div>\n<h2 class=\"wp-block-heading\">Su carrera<\/h2>\n\n<ul class=\"wp-block-list\">\n<li>Formaci\u00f3n jur\u00eddica (licenciatura en Derecho) aplicada a la moda (IFM, London College of Fashion).<\/li>\n\n\n\n<li>20 a\u00f1os de periodismo internacional (Claire, D\u00e9p\u00eache Mode, Vogue, Cosmopolitan, Mirabella&#8230;) y mucho m\u00e1s de escritura.<\/li>\n\n\n\n<li>\u00a1Se uni\u00f3 a la aventura de los Region Lovers en enero de 2024!<\/li>\n<\/ul>\n\n<p class=\"has-text-align-left\">Descubra su <a href=\"https:\/\/www.linkedin.com\/in\/severineharzo\/\" target=\"_blank\" rel=\"noreferrer noopener nofollow\">perfil en Linkedin<\/a><\/p>\n\n<h2 class=\"wp-block-heading\">Lo que m\u00e1s le gusta escribir<\/h2>\n\n<ul class=\"wp-block-list\">\n<li>Art\u00edculos sobre lugares, todos los lugares, siempre que tengan historias que contar.<\/li>\n\n\n\n<li>El aire libre (ciudades y naturaleza) para los encuentros y la sensaci\u00f3n de libertad.<\/li>\n\n\n\n<li>Eche un vistazo diferente a los destinos locales, porque la aventura no siempre est\u00e1 tan lejos como cree.<\/li>\n<\/ul>\n","protected":false},"excerpt":{"rendered":"<p>Conozca a S\u00e8verine, empleada de Region Lovers, una empresa feliz que lleva m\u00e1s de 10 a\u00f1os recorriendo el mundo para ofrecerle informaci\u00f3n certificada, \u00fatil y de calidad. Queremos ayudarle a tomar las decisiones que necesita para construir un viaje a su medida. El equipo ha crecido con los a\u00f1os, pero S\u00e8verine, como todos los autores [&hellip;]<\/p>\n","protected":false},"author":2,"featured_media":0,"parent":0,"menu_order":0,"comment_status":"closed","ping_status":"closed","template":"","meta":{"_genesis_hide_title":false,"_genesis_hide_breadcrumbs":false,"_genesis_hide_singular_image":false,"_genesis_hide_footer_widgets":false,"_genesis_custom_body_class":"","_genesis_custom_post_class":"","_genesis_layout":"","footnotes":""},"class_list":{"0":"post-12538","1":"page","2":"type-page","3":"status-publish","5":"entry"},"yoast_head":"<!-- This site is optimized with the Yoast SEO plugin v27.2 - https:\/\/yoast.com\/product\/yoast-seo-wordpress\/ -->\n<title>Acerca de S\u00e8verine HARZO - Normandie Lovers<\/title>\n<meta name=\"robots\" content=\"index, follow, max-snippet:-1, max-image-preview:large, max-video-preview:-1\" \/>\n<link rel=\"canonical\" href=\"https:\/\/normandielovers.fr\/es\/severine-harzo\/\" \/>\n<meta property=\"og:locale\" content=\"es_ES\" \/>\n<meta property=\"og:type\" content=\"article\" \/>\n<meta property=\"og:title\" content=\"Acerca de S\u00e8verine HARZO - Normandie Lovers\" \/>\n<meta property=\"og:description\" content=\"Conozca a S\u00e8verine, empleada de Region Lovers, una empresa feliz que lleva m\u00e1s de 10 a\u00f1os recorriendo el mundo para ofrecerle informaci\u00f3n certificada, \u00fatil y de calidad. Queremos ayudarle a tomar las decisiones que necesita para construir un viaje a su medida. El equipo ha crecido con los a\u00f1os, pero S\u00e8verine, como todos los autores [&hellip;]\" \/>\n<meta property=\"og:url\" content=\"https:\/\/normandielovers.fr\/es\/severine-harzo\/\" \/>\n<meta property=\"og:site_name\" content=\"Normandie Lovers\" \/>\n<meta property=\"article:modified_time\" content=\"2024-02-18T09:51:59+00:00\" \/>\n<meta property=\"og:image\" content=\"https:\/\/photos.smugmug.com\/Region-Lovers\/Equipe\/i-gFtV6Dq\/0\/C6RSrhKpdND9MjrwpgnJSBdMhs3jLBgbGtBgdHX2x\/L\/severine-2-L.jpg\" \/>\n<meta name=\"twitter:card\" content=\"summary_large_image\" \/>\n<meta name=\"twitter:label1\" content=\"Tiempo de lectura\" \/>\n\t<meta name=\"twitter:data1\" content=\"1 minuto\" \/>\n<script type=\"application\/ld+json\" class=\"yoast-schema-graph\">{\"@context\":\"https:\/\/schema.org\",\"@graph\":[{\"@type\":\"WebPage\",\"@id\":\"https:\/\/normandielovers.fr\/es\/severine-harzo\/\",\"url\":\"https:\/\/normandielovers.fr\/es\/severine-harzo\/\",\"name\":\"Acerca de S\u00e8verine HARZO - Normandie Lovers\",\"isPartOf\":{\"@id\":\"https:\/\/normandielovers.fr\/es\/#website\"},\"primaryImageOfPage\":{\"@id\":\"https:\/\/normandielovers.fr\/es\/severine-harzo\/#primaryimage\"},\"image\":{\"@id\":\"https:\/\/normandielovers.fr\/es\/severine-harzo\/#primaryimage\"},\"thumbnailUrl\":\"https:\/\/photos.smugmug.com\/Region-Lovers\/Equipe\/i-gFtV6Dq\/0\/C6RSrhKpdND9MjrwpgnJSBdMhs3jLBgbGtBgdHX2x\/L\/severine-2-L.jpg\",\"datePublished\":\"2024-01-11T17:05:22+00:00\",\"dateModified\":\"2024-02-18T09:51:59+00:00\",\"breadcrumb\":{\"@id\":\"https:\/\/normandielovers.fr\/es\/severine-harzo\/#breadcrumb\"},\"inLanguage\":\"es\",\"potentialAction\":[{\"@type\":\"ReadAction\",\"target\":[\"https:\/\/normandielovers.fr\/es\/severine-harzo\/\"]}]},{\"@type\":\"ImageObject\",\"inLanguage\":\"es\",\"@id\":\"https:\/\/normandielovers.fr\/es\/severine-harzo\/#primaryimage\",\"url\":\"https:\/\/photos.smugmug.com\/Region-Lovers\/Equipe\/i-gFtV6Dq\/0\/C6RSrhKpdND9MjrwpgnJSBdMhs3jLBgbGtBgdHX2x\/L\/severine-2-L.jpg\",\"contentUrl\":\"https:\/\/photos.smugmug.com\/Region-Lovers\/Equipe\/i-gFtV6Dq\/0\/C6RSrhKpdND9MjrwpgnJSBdMhs3jLBgbGtBgdHX2x\/L\/severine-2-L.jpg\"},{\"@type\":\"BreadcrumbList\",\"@id\":\"https:\/\/normandielovers.fr\/es\/severine-harzo\/#breadcrumb\",\"itemListElement\":[{\"@type\":\"ListItem\",\"position\":1,\"name\":\"Home\",\"item\":\"https:\/\/normandielovers.fr\/es\/\"},{\"@type\":\"ListItem\",\"position\":2,\"name\":\"Acerca de S\u00e8verine HARZO\"}]},{\"@type\":\"WebSite\",\"@id\":\"https:\/\/normandielovers.fr\/es\/#website\",\"url\":\"https:\/\/normandielovers.fr\/es\/\",\"name\":\"Normandie Lovers\",\"description\":\"Para despertar sus sentidos en Normand\u00eda - El blog de Claire y Manu\",\"publisher\":{\"@id\":\"https:\/\/normandielovers.fr\/es\/#organization\"},\"potentialAction\":[{\"@type\":\"SearchAction\",\"target\":{\"@type\":\"EntryPoint\",\"urlTemplate\":\"https:\/\/normandielovers.fr\/es\/?s={search_term_string}\"},\"query-input\":{\"@type\":\"PropertyValueSpecification\",\"valueRequired\":true,\"valueName\":\"search_term_string\"}}],\"inLanguage\":\"es\"},{\"@type\":\"Organization\",\"@id\":\"https:\/\/normandielovers.fr\/es\/#organization\",\"name\":\"Normandie Lovers\",\"url\":\"https:\/\/normandielovers.fr\/es\/\",\"logo\":{\"@type\":\"ImageObject\",\"inLanguage\":\"es\",\"@id\":\"https:\/\/normandielovers.fr\/es\/#\/schema\/logo\/image\/\",\"url\":\"https:\/\/normandielovers.fr\/wp-content\/uploads\/2022\/11\/Normandie-Lovers-Logo-Blog-de-viajes.png\",\"contentUrl\":\"https:\/\/normandielovers.fr\/wp-content\/uploads\/2022\/11\/Normandie-Lovers-Logo-Blog-de-viajes.png\",\"width\":2884,\"height\":863,\"caption\":\"Normandie Lovers\"},\"image\":{\"@id\":\"https:\/\/normandielovers.fr\/es\/#\/schema\/logo\/image\/\"}}]}<\/script>\n<!-- \/ Yoast SEO plugin. -->","yoast_head_json":{"title":"Acerca de S\u00e8verine HARZO - Normandie Lovers","robots":{"index":"index","follow":"follow","max-snippet":"max-snippet:-1","max-image-preview":"max-image-preview:large","max-video-preview":"max-video-preview:-1"},"canonical":"https:\/\/normandielovers.fr\/es\/severine-harzo\/","og_locale":"es_ES","og_type":"article","og_title":"Acerca de S\u00e8verine HARZO - Normandie Lovers","og_description":"Conozca a S\u00e8verine, empleada de Region Lovers, una empresa feliz que lleva m\u00e1s de 10 a\u00f1os recorriendo el mundo para ofrecerle informaci\u00f3n certificada, \u00fatil y de calidad. Queremos ayudarle a tomar las decisiones que necesita para construir un viaje a su medida. El equipo ha crecido con los a\u00f1os, pero S\u00e8verine, como todos los autores [&hellip;]","og_url":"https:\/\/normandielovers.fr\/es\/severine-harzo\/","og_site_name":"Normandie Lovers","article_modified_time":"2024-02-18T09:51:59+00:00","og_image":[{"url":"https:\/\/photos.smugmug.com\/Region-Lovers\/Equipe\/i-gFtV6Dq\/0\/C6RSrhKpdND9MjrwpgnJSBdMhs3jLBgbGtBgdHX2x\/L\/severine-2-L.jpg","type":"","width":"","height":""}],"twitter_card":"summary_large_image","twitter_misc":{"Tiempo de lectura":"1 minuto"},"schema":{"@context":"https:\/\/schema.org","@graph":[{"@type":"WebPage","@id":"https:\/\/normandielovers.fr\/es\/severine-harzo\/","url":"https:\/\/normandielovers.fr\/es\/severine-harzo\/","name":"Acerca de S\u00e8verine HARZO - Normandie Lovers","isPartOf":{"@id":"https:\/\/normandielovers.fr\/es\/#website"},"primaryImageOfPage":{"@id":"https:\/\/normandielovers.fr\/es\/severine-harzo\/#primaryimage"},"image":{"@id":"https:\/\/normandielovers.fr\/es\/severine-harzo\/#primaryimage"},"thumbnailUrl":"https:\/\/photos.smugmug.com\/Region-Lovers\/Equipe\/i-gFtV6Dq\/0\/C6RSrhKpdND9MjrwpgnJSBdMhs3jLBgbGtBgdHX2x\/L\/severine-2-L.jpg","datePublished":"2024-01-11T17:05:22+00:00","dateModified":"2024-02-18T09:51:59+00:00","breadcrumb":{"@id":"https:\/\/normandielovers.fr\/es\/severine-harzo\/#breadcrumb"},"inLanguage":"es","potentialAction":[{"@type":"ReadAction","target":["https:\/\/normandielovers.fr\/es\/severine-harzo\/"]}]},{"@type":"ImageObject","inLanguage":"es","@id":"https:\/\/normandielovers.fr\/es\/severine-harzo\/#primaryimage","url":"https:\/\/photos.smugmug.com\/Region-Lovers\/Equipe\/i-gFtV6Dq\/0\/C6RSrhKpdND9MjrwpgnJSBdMhs3jLBgbGtBgdHX2x\/L\/severine-2-L.jpg","contentUrl":"https:\/\/photos.smugmug.com\/Region-Lovers\/Equipe\/i-gFtV6Dq\/0\/C6RSrhKpdND9MjrwpgnJSBdMhs3jLBgbGtBgdHX2x\/L\/severine-2-L.jpg"},{"@type":"BreadcrumbList","@id":"https:\/\/normandielovers.fr\/es\/severine-harzo\/#breadcrumb","itemListElement":[{"@type":"ListItem","position":1,"name":"Home","item":"https:\/\/normandielovers.fr\/es\/"},{"@type":"ListItem","position":2,"name":"Acerca de S\u00e8verine HARZO"}]},{"@type":"WebSite","@id":"https:\/\/normandielovers.fr\/es\/#website","url":"https:\/\/normandielovers.fr\/es\/","name":"Normandie Lovers","description":"Para despertar sus sentidos en Normand\u00eda - El blog de Claire y Manu","publisher":{"@id":"https:\/\/normandielovers.fr\/es\/#organization"},"potentialAction":[{"@type":"SearchAction","target":{"@type":"EntryPoint","urlTemplate":"https:\/\/normandielovers.fr\/es\/?s={search_term_string}"},"query-input":{"@type":"PropertyValueSpecification","valueRequired":true,"valueName":"search_term_string"}}],"inLanguage":"es"},{"@type":"Organization","@id":"https:\/\/normandielovers.fr\/es\/#organization","name":"Normandie Lovers","url":"https:\/\/normandielovers.fr\/es\/","logo":{"@type":"ImageObject","inLanguage":"es","@id":"https:\/\/normandielovers.fr\/es\/#\/schema\/logo\/image\/","url":"https:\/\/normandielovers.fr\/wp-content\/uploads\/2022\/11\/Normandie-Lovers-Logo-Blog-de-viajes.png","contentUrl":"https:\/\/normandielovers.fr\/wp-content\/uploads\/2022\/11\/Normandie-Lovers-Logo-Blog-de-viajes.png","width":2884,"height":863,"caption":"Normandie Lovers"},"image":{"@id":"https:\/\/normandielovers.fr\/es\/#\/schema\/logo\/image\/"}}]}},"featured_image_src":null,"featured_image_src_square":null,"_links":{"self":[{"href":"https:\/\/normandielovers.fr\/es\/wp-json\/wp\/v2\/pages\/12538","targetHints":{"allow":["GET"]}}],"collection":[{"href":"https:\/\/normandielovers.fr\/es\/wp-json\/wp\/v2\/pages"}],"about":[{"href":"https:\/\/normandielovers.fr\/es\/wp-json\/wp\/v2\/types\/page"}],"author":[{"embeddable":true,"href":"https:\/\/normandielovers.fr\/es\/wp-json\/wp\/v2\/users\/2"}],"replies":[{"embeddable":true,"href":"https:\/\/normandielovers.fr\/es\/wp-json\/wp\/v2\/comments?post=12538"}],"version-history":[{"count":0,"href":"https:\/\/normandielovers.fr\/es\/wp-json\/wp\/v2\/pages\/12538\/revisions"}],"wp:attachment":[{"href":"https:\/\/normandielovers.fr\/es\/wp-json\/wp\/v2\/media?parent=12538"}],"curies":[{"name":"wp","href":"https:\/\/api.w.org\/{rel}","templated":true}]}}