{"id":12514,"date":"2024-01-11T18:03:05","date_gmt":"2024-01-11T17:03:05","guid":{"rendered":"https:\/\/normandielovers.fr\/claire\/"},"modified":"2025-03-31T10:52:30","modified_gmt":"2025-03-31T08:52:30","slug":"claire-robinson","status":"publish","type":"page","link":"https:\/\/normandielovers.fr\/es\/claire-robinson\/","title":{"rendered":"Sobre Claire ROBINSON"},"content":{"rendered":"\n<p>Conozca a Claire, cofundadora junto a su hermano <a href=\"https:\/\/normandielovers.fr\/es\/emmanuel-robinson\/\" target=\"_blank\" rel=\"noreferrer noopener\">Emmanuel<\/a> de Region Lovers, una empresa feliz que lleva m\u00e1s de 10 a\u00f1os viajando por el mundo para ofrecerle informaci\u00f3n \u00abreal certificada\u00bb, \u00fatil y de gran calidad. Queremos ayudarle a tomar las decisiones que necesita para construir un viaje a su medida.<\/p>\n\n<p>El equipo ha crecido a lo largo de los a\u00f1os, pero Claire, como todos los autores de Region Lovers, se adhiere a un marco y a unos valores, para cumplir nuestro contrato de confianza con nuestros lectores.\nAfortunadamente, sin embargo, cada art\u00edculo es siempre un reflejo de su autor y de sus pasiones. <\/p>\n\n<figure class=\"wp-block-image size-large\"><img decoding=\"async\" src=\"https:\/\/photos.smugmug.com\/Region-Lovers\/Equipe\/i-nsNF6C6\/0\/25791716\/L\/Claire-L.png\" alt=\"\"\/><\/figure>\n\n<h2 class=\"wp-block-heading\">Su carrera<\/h2>\n\n<ul class=\"wp-block-list\">\n<li>Formaci\u00f3n en ingenier\u00eda.<\/li>\n\n\n\n<li>10 a\u00f1os estructurando la informaci\u00f3n e implantando procesos de calidad en Australia, Alemania y Francia.<\/li>\n\n\n\n<li>M\u00e1s de 10 a\u00f1os de blogs de viajes: ZigZag road trips luego Region Lovers<\/li>\n<\/ul>\n\n<p class=\"has-text-align-left\">Descubra su <a href=\"https:\/\/www.linkedin.com\/in\/claire-robinson-fr\/\" target=\"_blank\" rel=\"noreferrer noopener\">perfil en Linkedin<\/a><\/p>\n\n<h2 class=\"wp-block-heading\">Lo que m\u00e1s le gusta escribir<\/h2>\n\n<ul class=\"wp-block-list\">\n<li>Art\u00edculos sobre lugares fuera de los caminos trillados, las joyas m\u00e1s secretas descubiertas en nuestros viajes.<\/li>\n\n\n\n<li>Los mejores art\u00edculos para compartir sus favoritos.<\/li>\n\n\n\n<li>Los art\u00edculos est\u00e1n llenos de consejos sobre lugares complicados de visitar, para que los lectores saquen el m\u00e1ximo partido a su visita.<\/li>\n<\/ul>\n\n<h2 class=\"wp-block-heading\">Sus 3 art\u00edculos favoritos<\/h2>\n\n<div class=\"wp-block-columns is-layout-flex wp-container-core-columns-is-layout-9d6595d7 wp-block-columns-is-layout-flex\">\n<div class=\"wp-block-column is-layout-flow wp-block-column-is-layout-flow\" style=\"flex-basis:33.33%\">\n<figure class=\"wp-block-image size-large\"><a href=\"https:\/\/normandielovers.fr\/wp-content\/uploads\/2023\/03\/ideas-fines-de-semana-en-normandia-donde-ir.jpeg\" target=\"_blank\" rel=\"noreferrer noopener\"><img decoding=\"async\" src=\"https:\/\/normandielovers.fr\/wp-content\/uploads\/2023\/03\/ideas-fines-de-semana-en-normandia-donde-ir.jpeg\" alt=\"\"\/><\/a><\/figure>\n<\/div>\n\n\n\n<div class=\"wp-block-column is-vertically-aligned-center is-layout-flow wp-block-column-is-layout-flow\" style=\"flex-basis:66.66%\">\n<h3 class=\"wp-block-heading\">15 ideas para un fin de semana en Normand\u00eda<\/h3>\n\n\n\n<p style=\"font-size:14px\">12 de agosto de 2023<\/p>\n\n\n\n<p style=\"font-size:14px;line-height:1.6\"><a href=\"https:\/\/normandielovers.fr\/es\/ideeas-fin-semana-normandia\/\" target=\"_blank\" rel=\"noreferrer noopener\">Leer el art\u00edculo<\/a><\/p>\n<\/div>\n<\/div>\n\n<div class=\"wp-block-columns is-layout-flex wp-container-core-columns-is-layout-9d6595d7 wp-block-columns-is-layout-flex\">\n<div class=\"wp-block-column is-layout-flow wp-block-column-is-layout-flow\" style=\"flex-basis:33.33%\">\n<figure class=\"wp-block-image size-large\"><a href=\"https:\/\/loirelovers.fr\/restaurant-manoir-regate-nantes-avis\/\" target=\"_blank\" rel=\"noreferrer noopener\"><img decoding=\"async\" src=\"https:\/\/normandielovers.fr\/wp-content\/uploads\/2022\/11\/Mont-Saint-Michel-Harry-Potter.jpg\" alt=\"\"\/><\/a><\/figure>\n<\/div>\n\n\n\n<div class=\"wp-block-column is-vertically-aligned-center is-layout-flow wp-block-column-is-layout-flow\" style=\"flex-basis:66.66%\">\n<h3 class=\"wp-block-heading\">Harry Potter en el Mont-Saint-Michel<\/h3>\n\n\n\n<p style=\"font-size:14px\">2 de agosto de 2023<\/p>\n\n\n\n<p style=\"font-size:14px;line-height:1.6\"><a href=\"https:\/\/normandielovers.fr\/es\/mont-saint-michel-harry-potter\/\" target=\"_blank\" rel=\"noreferrer noopener\">Leer el art\u00edculo<\/a><\/p>\n<\/div>\n<\/div>\n\n<div class=\"wp-block-columns is-layout-flex wp-container-core-columns-is-layout-9d6595d7 wp-block-columns-is-layout-flex\">\n<div class=\"wp-block-column is-layout-flow wp-block-column-is-layout-flow\" style=\"flex-basis:33.33%\">\n<figure class=\"wp-block-image size-large\"><a href=\"https:\/\/loirelovers.fr\/chateau-brissac\/\" target=\"_blank\" rel=\"noreferrer noopener\"><img decoding=\"async\" src=\"https:\/\/normandielovers.fr\/wp-content\/uploads\/2022\/11\/como-visitar-Mont-Saint-Michel-Francia-consejos.jpeg\" alt=\"\"\/><\/a><\/figure>\n<\/div>\n\n\n\n<div class=\"wp-block-column is-vertically-aligned-center is-layout-flow wp-block-column-is-layout-flow\" style=\"flex-basis:66.66%\">\n<h3 class=\"wp-block-heading\">35 consejos para visitar el Mont-Saint-Michel<\/h3>\n\n\n\n<p style=\"font-size:14px\">8 de enero de 2024<\/p>\n\n\n\n<p style=\"font-size:14px;line-height:1.6\"><a href=\"https:\/\/normandielovers.fr\/es\/visita-mont-saint-michel-consejos\/\" target=\"_blank\" rel=\"noreferrer noopener\">Leer el art\u00edculo<\/a><\/p>\n<\/div>\n<\/div>\n","protected":false},"excerpt":{"rendered":"<p>Conozca a Claire, cofundadora junto a su hermano Emmanuel de Region Lovers, una empresa feliz que lleva m\u00e1s de 10 a\u00f1os viajando por el mundo para ofrecerle informaci\u00f3n \u00abreal certificada\u00bb, \u00fatil y de gran calidad. Queremos ayudarle a tomar las decisiones que necesita para construir un viaje a su medida. El equipo ha crecido a [&hellip;]<\/p>\n","protected":false},"author":2,"featured_media":0,"parent":0,"menu_order":0,"comment_status":"closed","ping_status":"closed","template":"","meta":{"_genesis_hide_title":false,"_genesis_hide_breadcrumbs":false,"_genesis_hide_singular_image":false,"_genesis_hide_footer_widgets":false,"_genesis_custom_body_class":"","_genesis_custom_post_class":"","_genesis_layout":"full-width-content","footnotes":""},"class_list":{"0":"post-12514","1":"page","2":"type-page","3":"status-publish","5":"entry"},"yoast_head":"<!-- This site is optimized with the Yoast SEO plugin v27.2 - https:\/\/yoast.com\/product\/yoast-seo-wordpress\/ -->\n<title>Sobre Claire ROBINSON - Normandie Lovers<\/title>\n<meta name=\"robots\" content=\"index, follow, max-snippet:-1, max-image-preview:large, max-video-preview:-1\" \/>\n<link rel=\"canonical\" href=\"https:\/\/normandielovers.fr\/es\/claire-robinson\/\" \/>\n<meta property=\"og:locale\" content=\"es_ES\" \/>\n<meta property=\"og:type\" content=\"article\" \/>\n<meta property=\"og:title\" content=\"Sobre Claire ROBINSON - Normandie Lovers\" \/>\n<meta property=\"og:description\" content=\"Conozca a Claire, cofundadora junto a su hermano Emmanuel de Region Lovers, una empresa feliz que lleva m\u00e1s de 10 a\u00f1os viajando por el mundo para ofrecerle informaci\u00f3n \u00abreal certificada\u00bb, \u00fatil y de gran calidad. Queremos ayudarle a tomar las decisiones que necesita para construir un viaje a su medida. El equipo ha crecido a [&hellip;]\" \/>\n<meta property=\"og:url\" content=\"https:\/\/normandielovers.fr\/es\/claire-robinson\/\" \/>\n<meta property=\"og:site_name\" content=\"Normandie Lovers\" \/>\n<meta property=\"article:modified_time\" content=\"2025-03-31T08:52:30+00:00\" \/>\n<meta property=\"og:image\" content=\"https:\/\/photos.smugmug.com\/Region-Lovers\/Equipe\/i-nsNF6C6\/0\/25791716\/L\/Claire-L.png\" \/>\n<meta name=\"twitter:card\" content=\"summary_large_image\" \/>\n<meta name=\"twitter:label1\" content=\"Tiempo de lectura\" \/>\n\t<meta name=\"twitter:data1\" content=\"1 minuto\" \/>\n<script type=\"application\/ld+json\" class=\"yoast-schema-graph\">{\"@context\":\"https:\/\/schema.org\",\"@graph\":[{\"@type\":\"WebPage\",\"@id\":\"https:\/\/normandielovers.fr\/es\/claire-robinson\/\",\"url\":\"https:\/\/normandielovers.fr\/es\/claire-robinson\/\",\"name\":\"Sobre Claire ROBINSON - Normandie Lovers\",\"isPartOf\":{\"@id\":\"https:\/\/normandielovers.fr\/es\/#website\"},\"primaryImageOfPage\":{\"@id\":\"https:\/\/normandielovers.fr\/es\/claire-robinson\/#primaryimage\"},\"image\":{\"@id\":\"https:\/\/normandielovers.fr\/es\/claire-robinson\/#primaryimage\"},\"thumbnailUrl\":\"https:\/\/photos.smugmug.com\/Region-Lovers\/Equipe\/i-nsNF6C6\/0\/25791716\/L\/Claire-L.png\",\"datePublished\":\"2024-01-11T17:03:05+00:00\",\"dateModified\":\"2025-03-31T08:52:30+00:00\",\"breadcrumb\":{\"@id\":\"https:\/\/normandielovers.fr\/es\/claire-robinson\/#breadcrumb\"},\"inLanguage\":\"es\",\"potentialAction\":[{\"@type\":\"ReadAction\",\"target\":[\"https:\/\/normandielovers.fr\/es\/claire-robinson\/\"]}]},{\"@type\":\"ImageObject\",\"inLanguage\":\"es\",\"@id\":\"https:\/\/normandielovers.fr\/es\/claire-robinson\/#primaryimage\",\"url\":\"https:\/\/photos.smugmug.com\/Region-Lovers\/Equipe\/i-nsNF6C6\/0\/25791716\/L\/Claire-L.png\",\"contentUrl\":\"https:\/\/photos.smugmug.com\/Region-Lovers\/Equipe\/i-nsNF6C6\/0\/25791716\/L\/Claire-L.png\"},{\"@type\":\"BreadcrumbList\",\"@id\":\"https:\/\/normandielovers.fr\/es\/claire-robinson\/#breadcrumb\",\"itemListElement\":[{\"@type\":\"ListItem\",\"position\":1,\"name\":\"Home\",\"item\":\"https:\/\/normandielovers.fr\/es\/\"},{\"@type\":\"ListItem\",\"position\":2,\"name\":\"Sobre Claire ROBINSON\"}]},{\"@type\":\"WebSite\",\"@id\":\"https:\/\/normandielovers.fr\/es\/#website\",\"url\":\"https:\/\/normandielovers.fr\/es\/\",\"name\":\"Normandie Lovers\",\"description\":\"Para despertar sus sentidos en Normand\u00eda - El blog de Claire y Manu\",\"publisher\":{\"@id\":\"https:\/\/normandielovers.fr\/es\/#organization\"},\"potentialAction\":[{\"@type\":\"SearchAction\",\"target\":{\"@type\":\"EntryPoint\",\"urlTemplate\":\"https:\/\/normandielovers.fr\/es\/?s={search_term_string}\"},\"query-input\":{\"@type\":\"PropertyValueSpecification\",\"valueRequired\":true,\"valueName\":\"search_term_string\"}}],\"inLanguage\":\"es\"},{\"@type\":\"Organization\",\"@id\":\"https:\/\/normandielovers.fr\/es\/#organization\",\"name\":\"Normandie Lovers\",\"url\":\"https:\/\/normandielovers.fr\/es\/\",\"logo\":{\"@type\":\"ImageObject\",\"inLanguage\":\"es\",\"@id\":\"https:\/\/normandielovers.fr\/es\/#\/schema\/logo\/image\/\",\"url\":\"https:\/\/normandielovers.fr\/wp-content\/uploads\/2022\/11\/Normandie-Lovers-Logo-Blog-de-viajes.png\",\"contentUrl\":\"https:\/\/normandielovers.fr\/wp-content\/uploads\/2022\/11\/Normandie-Lovers-Logo-Blog-de-viajes.png\",\"width\":2884,\"height\":863,\"caption\":\"Normandie Lovers\"},\"image\":{\"@id\":\"https:\/\/normandielovers.fr\/es\/#\/schema\/logo\/image\/\"}}]}<\/script>\n<!-- \/ Yoast SEO plugin. -->","yoast_head_json":{"title":"Sobre Claire ROBINSON - Normandie Lovers","robots":{"index":"index","follow":"follow","max-snippet":"max-snippet:-1","max-image-preview":"max-image-preview:large","max-video-preview":"max-video-preview:-1"},"canonical":"https:\/\/normandielovers.fr\/es\/claire-robinson\/","og_locale":"es_ES","og_type":"article","og_title":"Sobre Claire ROBINSON - Normandie Lovers","og_description":"Conozca a Claire, cofundadora junto a su hermano Emmanuel de Region Lovers, una empresa feliz que lleva m\u00e1s de 10 a\u00f1os viajando por el mundo para ofrecerle informaci\u00f3n \u00abreal certificada\u00bb, \u00fatil y de gran calidad. Queremos ayudarle a tomar las decisiones que necesita para construir un viaje a su medida. El equipo ha crecido a [&hellip;]","og_url":"https:\/\/normandielovers.fr\/es\/claire-robinson\/","og_site_name":"Normandie Lovers","article_modified_time":"2025-03-31T08:52:30+00:00","og_image":[{"url":"https:\/\/photos.smugmug.com\/Region-Lovers\/Equipe\/i-nsNF6C6\/0\/25791716\/L\/Claire-L.png","type":"","width":"","height":""}],"twitter_card":"summary_large_image","twitter_misc":{"Tiempo de lectura":"1 minuto"},"schema":{"@context":"https:\/\/schema.org","@graph":[{"@type":"WebPage","@id":"https:\/\/normandielovers.fr\/es\/claire-robinson\/","url":"https:\/\/normandielovers.fr\/es\/claire-robinson\/","name":"Sobre Claire ROBINSON - Normandie Lovers","isPartOf":{"@id":"https:\/\/normandielovers.fr\/es\/#website"},"primaryImageOfPage":{"@id":"https:\/\/normandielovers.fr\/es\/claire-robinson\/#primaryimage"},"image":{"@id":"https:\/\/normandielovers.fr\/es\/claire-robinson\/#primaryimage"},"thumbnailUrl":"https:\/\/photos.smugmug.com\/Region-Lovers\/Equipe\/i-nsNF6C6\/0\/25791716\/L\/Claire-L.png","datePublished":"2024-01-11T17:03:05+00:00","dateModified":"2025-03-31T08:52:30+00:00","breadcrumb":{"@id":"https:\/\/normandielovers.fr\/es\/claire-robinson\/#breadcrumb"},"inLanguage":"es","potentialAction":[{"@type":"ReadAction","target":["https:\/\/normandielovers.fr\/es\/claire-robinson\/"]}]},{"@type":"ImageObject","inLanguage":"es","@id":"https:\/\/normandielovers.fr\/es\/claire-robinson\/#primaryimage","url":"https:\/\/photos.smugmug.com\/Region-Lovers\/Equipe\/i-nsNF6C6\/0\/25791716\/L\/Claire-L.png","contentUrl":"https:\/\/photos.smugmug.com\/Region-Lovers\/Equipe\/i-nsNF6C6\/0\/25791716\/L\/Claire-L.png"},{"@type":"BreadcrumbList","@id":"https:\/\/normandielovers.fr\/es\/claire-robinson\/#breadcrumb","itemListElement":[{"@type":"ListItem","position":1,"name":"Home","item":"https:\/\/normandielovers.fr\/es\/"},{"@type":"ListItem","position":2,"name":"Sobre Claire ROBINSON"}]},{"@type":"WebSite","@id":"https:\/\/normandielovers.fr\/es\/#website","url":"https:\/\/normandielovers.fr\/es\/","name":"Normandie Lovers","description":"Para despertar sus sentidos en Normand\u00eda - El blog de Claire y Manu","publisher":{"@id":"https:\/\/normandielovers.fr\/es\/#organization"},"potentialAction":[{"@type":"SearchAction","target":{"@type":"EntryPoint","urlTemplate":"https:\/\/normandielovers.fr\/es\/?s={search_term_string}"},"query-input":{"@type":"PropertyValueSpecification","valueRequired":true,"valueName":"search_term_string"}}],"inLanguage":"es"},{"@type":"Organization","@id":"https:\/\/normandielovers.fr\/es\/#organization","name":"Normandie Lovers","url":"https:\/\/normandielovers.fr\/es\/","logo":{"@type":"ImageObject","inLanguage":"es","@id":"https:\/\/normandielovers.fr\/es\/#\/schema\/logo\/image\/","url":"https:\/\/normandielovers.fr\/wp-content\/uploads\/2022\/11\/Normandie-Lovers-Logo-Blog-de-viajes.png","contentUrl":"https:\/\/normandielovers.fr\/wp-content\/uploads\/2022\/11\/Normandie-Lovers-Logo-Blog-de-viajes.png","width":2884,"height":863,"caption":"Normandie Lovers"},"image":{"@id":"https:\/\/normandielovers.fr\/es\/#\/schema\/logo\/image\/"}}]}},"featured_image_src":null,"featured_image_src_square":null,"_links":{"self":[{"href":"https:\/\/normandielovers.fr\/es\/wp-json\/wp\/v2\/pages\/12514","targetHints":{"allow":["GET"]}}],"collection":[{"href":"https:\/\/normandielovers.fr\/es\/wp-json\/wp\/v2\/pages"}],"about":[{"href":"https:\/\/normandielovers.fr\/es\/wp-json\/wp\/v2\/types\/page"}],"author":[{"embeddable":true,"href":"https:\/\/normandielovers.fr\/es\/wp-json\/wp\/v2\/users\/2"}],"replies":[{"embeddable":true,"href":"https:\/\/normandielovers.fr\/es\/wp-json\/wp\/v2\/comments?post=12514"}],"version-history":[{"count":0,"href":"https:\/\/normandielovers.fr\/es\/wp-json\/wp\/v2\/pages\/12514\/revisions"}],"wp:attachment":[{"href":"https:\/\/normandielovers.fr\/es\/wp-json\/wp\/v2\/media?parent=12514"}],"curies":[{"name":"wp","href":"https:\/\/api.w.org\/{rel}","templated":true}]}}