{"id":12499,"date":"2024-01-11T18:02:06","date_gmt":"2024-01-11T17:02:06","guid":{"rendered":"https:\/\/normandielovers.fr\/elisa-grosset\/"},"modified":"2024-02-18T11:17:36","modified_gmt":"2024-02-18T10:17:36","slug":"elisa-grosset","status":"publish","type":"page","link":"https:\/\/normandielovers.fr\/de\/elisa-grosset\/","title":{"rendered":"\u00dcber Elisa GROSSET"},"content":{"rendered":"\n<p>Wir stellen Ihnen Elisa vor, Mitarbeiterin von Region Lovers, einem fr\u00f6hlichen Unternehmen, das seit mehr als 10 Jahren die Welt bereist, um Ihnen zertifizierte, qualitativ hochwertige und n\u00fctzliche Informationen zu liefern. Wir m\u00f6chten Ihnen helfen, Entscheidungen zu treffen, damit Sie eine Reise zusammenstellen k\u00f6nnen, die zu Ihnen passt.<\/p>\n\n<p>Das Team w\u00e4chst im Laufe der Jahre, aber Elisa h\u00e4lt sich, wie alle Autoren von Region Lovers, an einen Rahmen und an Werte, um unseren Vertrauensvertrag mit unseren Lesern zu erf\u00fcllen. Dennoch und gl\u00fccklicherweise ist jeder Artikel immer auch ein Spiegelbild seines Autors und seiner Leidenschaften.<\/p>\n<div class=\"wp-block-image\">\n<figure class=\"aligncenter size-large\"><img decoding=\"async\" src=\"https:\/\/photos.smugmug.com\/Region-Lovers\/Equipe\/i-QnrB7DM\/0\/1599e528\/L\/Elisa-L.jpg\" alt=\"\"\/><\/figure>\n<\/div>\n<h2 class=\"wp-block-heading\">Ihr Werdegang<\/h2>\n\n<ul class=\"wp-block-list\">\n<li>Eine Ausbildung, die auf die Kultur und insbesondere auf die Welt der B\u00fccher ausgerichtet ist (Master in Verlagswesen).<\/li>\n\n\n\n<li>Berufserfahrung in Verlagen und Beratungsagenturen.<\/li>\n\n\n\n<li>Eine echte Reisebereitschaft (Praktikum in Montreal, Erasmusjahr in Schottland).<\/li>\n\n\n\n<li>Sie hat sich im April 2023 dem Abenteuer Region Lovers angeschlossen!<\/li>\n<\/ul>\n\n<p class=\"has-text-align-left\">Entdecken Sie Ihr <a href=\"https:\/\/www.linkedin.com\/in\/elisa-grosset-1a1612193\/\" target=\"_blank\" rel=\"noreferrer noopener nofollow\">Linkedin-Profil<\/a><\/p>\n\n<h2 class=\"wp-block-heading\">Was sie besonders gerne schreibt<\/h2>\n\n<ul class=\"wp-block-list\">\n<li>Artikel \u00fcber Reiseziele, von denen sie tr\u00e4umt!<\/li>\n\n\n\n<li>Artikel \u00fcber die Aktivit\u00e4ten, die in einer Stadt nicht fehlen d\u00fcrfen: Museen, Schl\u00f6sser, Kulturst\u00e4tten usw.<\/li>\n\n\n\n<li>Artikel \u00fcber die besten Restaurants, da sie eine Leidenschaft f\u00fcr die lokale Gastronomie hat.<\/li>\n<\/ul>\n\n<h2 class=\"wp-block-heading\">Die Artikel, die sie am liebsten schrieb<\/h2>\n\n<div class=\"wp-block-columns is-layout-flex wp-container-core-columns-is-layout-9d6595d7 wp-block-columns-is-layout-flex\">\n<div class=\"wp-block-column is-layout-flow wp-block-column-is-layout-flow\" style=\"flex-basis:33.33%\">\n<figure class=\"wp-block-image size-large\"><a href=\"https:\/\/loirelovers.fr\/visiter-chateau-clos-luce-amboise\/\" target=\"_blank\" rel=\"noreferrer noopener\"><img decoding=\"async\" src=\"https:\/\/normandielovers.fr\/wp-content\/uploads\/2023\/08\/besuch-normandy-american-cemetery-colleville-de.jpg\" alt=\"\"\/><\/a><\/figure>\n<\/div>\n\n\n\n<div class=\"wp-block-column is-vertically-aligned-center is-layout-flow wp-block-column-is-layout-flow\" style=\"flex-basis:66.66%\">\n<h3 class=\"wp-block-heading\">Der bewegende amerikanische Friedhof in der Normandie<\/h3>\n\n\n\n<p style=\"font-size:14px\">16. August 2023<\/p>\n\n\n\n<p style=\"font-size:14px;line-height:1.6\"><a href=\"https:\/\/normandielovers.fr\/de\/besuchen-amerikanische-soldatenfriedhof-colleville-mer-normandie\/\" target=\"_blank\" rel=\"noreferrer noopener\">Lesen Sie den Artikel<\/a><\/p>\n<\/div>\n<\/div>\n\n<div class=\"wp-block-columns is-layout-flex wp-container-core-columns-is-layout-9d6595d7 wp-block-columns-is-layout-flex\">\n<div class=\"wp-block-column is-layout-flow wp-block-column-is-layout-flow\" style=\"flex-basis:33.33%\">\n<figure class=\"wp-block-image size-large\"><a href=\"https:\/\/loirelovers.fr\/visiter-chateau-chambord\/\" target=\"_blank\" rel=\"noreferrer noopener\"><img decoding=\"async\" src=\"https:\/\/normandielovers.fr\/wp-content\/uploads\/2023\/07\/besuch-museum-memorial-caen-de.jpg\" alt=\"\"\/><\/a><\/figure>\n<\/div>\n\n\n\n<div class=\"wp-block-column is-vertically-aligned-center is-layout-flow wp-block-column-is-layout-flow\" style=\"flex-basis:66.66%\">\n<h3 class=\"wp-block-heading\">Das unumg\u00e4ngliche M\u00e9morial de Caen<\/h3>\n\n\n\n<p style=\"font-size:14px\">25. Juli 2023<\/p>\n\n\n\n<p style=\"font-size:14px;line-height:1.6\"><a href=\"https:\/\/normandielovers.fr\/de\/besuchen-memorial-caen\/\" target=\"_blank\" rel=\"noreferrer noopener\">Lesen Sie den Artikel<\/a><\/p>\n<\/div>\n<\/div>\n\n<div class=\"wp-block-columns is-layout-flex wp-container-core-columns-is-layout-9d6595d7 wp-block-columns-is-layout-flex\">\n<div class=\"wp-block-column is-layout-flow wp-block-column-is-layout-flow\" style=\"flex-basis:33.33%\">\n<figure class=\"wp-block-image size-large\"><a href=\"https:\/\/loirelovers.fr\/visiter-chateau-chambord\/\" target=\"_blank\" rel=\"noreferrer noopener\"><img decoding=\"async\" src=\"https:\/\/normandielovers.fr\/wp-content\/uploads\/2023\/07\/rouen-sehenswurdigkeiten.jpg\" alt=\"\"\/><\/a><\/figure>\n<\/div>\n\n\n\n<div class=\"wp-block-column is-vertically-aligned-center is-layout-flow wp-block-column-is-layout-flow\" style=\"flex-basis:66.66%\">\n<h3 class=\"wp-block-heading\">Was kann man in Rouen unternehmen: 15 Ideen<\/h3>\n\n\n\n<p style=\"font-size:14px\">17. Juli 2023<\/p>\n\n\n\n<p style=\"font-size:14px;line-height:1.6\"><a href=\"https:\/\/normandielovers.fr\/de\/rouen-sehenswurdigkeiten\/\" target=\"_blank\" rel=\"noreferrer noopener\">Lesen Sie<\/a><a href=\"https:\/\/normandielovers.fr\/de\/besuchen-memorial-caen\/\" target=\"_blank\" rel=\"noreferrer noopener\"> Artikel<\/a><\/p>\n<\/div>\n<\/div>\n","protected":false},"excerpt":{"rendered":"<p>Wir stellen Ihnen Elisa vor, Mitarbeiterin von Region Lovers, einem fr\u00f6hlichen Unternehmen, das seit mehr als 10 Jahren die Welt bereist, um Ihnen zertifizierte, qualitativ hochwertige und n\u00fctzliche Informationen zu liefern. Wir m\u00f6chten Ihnen helfen, Entscheidungen zu treffen, damit Sie eine Reise zusammenstellen k\u00f6nnen, die zu Ihnen passt. Das Team w\u00e4chst im Laufe der Jahre, [&hellip;]<\/p>\n","protected":false},"author":2,"featured_media":0,"parent":0,"menu_order":0,"comment_status":"closed","ping_status":"closed","template":"","meta":{"_genesis_hide_title":false,"_genesis_hide_breadcrumbs":false,"_genesis_hide_singular_image":false,"_genesis_hide_footer_widgets":false,"_genesis_custom_body_class":"","_genesis_custom_post_class":"","_genesis_layout":"","footnotes":""},"class_list":{"0":"post-12499","1":"page","2":"type-page","3":"status-publish","5":"entry"},"yoast_head":"<!-- This site is optimized with the Yoast SEO plugin v27.5 - https:\/\/yoast.com\/product\/yoast-seo-wordpress\/ -->\n<title>\u00dcber Elisa GROSSET - Normandie Lovers<\/title>\n<meta name=\"robots\" content=\"index, follow, max-snippet:-1, max-image-preview:large, max-video-preview:-1\" \/>\n<link rel=\"canonical\" href=\"https:\/\/normandielovers.fr\/de\/elisa-grosset\/\" \/>\n<meta property=\"og:locale\" content=\"de_DE\" \/>\n<meta property=\"og:type\" content=\"article\" \/>\n<meta property=\"og:title\" content=\"\u00dcber Elisa GROSSET - Normandie Lovers\" \/>\n<meta property=\"og:description\" content=\"Wir stellen Ihnen Elisa vor, Mitarbeiterin von Region Lovers, einem fr\u00f6hlichen Unternehmen, das seit mehr als 10 Jahren die Welt bereist, um Ihnen zertifizierte, qualitativ hochwertige und n\u00fctzliche Informationen zu liefern. Wir m\u00f6chten Ihnen helfen, Entscheidungen zu treffen, damit Sie eine Reise zusammenstellen k\u00f6nnen, die zu Ihnen passt. Das Team w\u00e4chst im Laufe der Jahre, [&hellip;]\" \/>\n<meta property=\"og:url\" content=\"https:\/\/normandielovers.fr\/de\/elisa-grosset\/\" \/>\n<meta property=\"og:site_name\" content=\"Normandie Lovers\" \/>\n<meta property=\"article:modified_time\" content=\"2024-02-18T10:17:36+00:00\" \/>\n<meta property=\"og:image\" content=\"https:\/\/photos.smugmug.com\/Region-Lovers\/Equipe\/i-QnrB7DM\/0\/1599e528\/L\/Elisa-L.jpg\" \/>\n<meta name=\"twitter:card\" content=\"summary_large_image\" \/>\n<meta name=\"twitter:label1\" content=\"Gesch\u00e4tzte Lesezeit\" \/>\n\t<meta name=\"twitter:data1\" content=\"1 Minute\" \/>\n<script type=\"application\/ld+json\" class=\"yoast-schema-graph\">{\"@context\":\"https:\\\/\\\/schema.org\",\"@graph\":[{\"@type\":\"WebPage\",\"@id\":\"https:\\\/\\\/normandielovers.fr\\\/de\\\/elisa-grosset\\\/\",\"url\":\"https:\\\/\\\/normandielovers.fr\\\/de\\\/elisa-grosset\\\/\",\"name\":\"\u00dcber Elisa GROSSET - Normandie Lovers\",\"isPartOf\":{\"@id\":\"https:\\\/\\\/normandielovers.fr\\\/de\\\/#website\"},\"primaryImageOfPage\":{\"@id\":\"https:\\\/\\\/normandielovers.fr\\\/de\\\/elisa-grosset\\\/#primaryimage\"},\"image\":{\"@id\":\"https:\\\/\\\/normandielovers.fr\\\/de\\\/elisa-grosset\\\/#primaryimage\"},\"thumbnailUrl\":\"https:\\\/\\\/photos.smugmug.com\\\/Region-Lovers\\\/Equipe\\\/i-QnrB7DM\\\/0\\\/1599e528\\\/L\\\/Elisa-L.jpg\",\"datePublished\":\"2024-01-11T17:02:06+00:00\",\"dateModified\":\"2024-02-18T10:17:36+00:00\",\"breadcrumb\":{\"@id\":\"https:\\\/\\\/normandielovers.fr\\\/de\\\/elisa-grosset\\\/#breadcrumb\"},\"inLanguage\":\"de-DE\",\"potentialAction\":[{\"@type\":\"ReadAction\",\"target\":[\"https:\\\/\\\/normandielovers.fr\\\/de\\\/elisa-grosset\\\/\"]}]},{\"@type\":\"ImageObject\",\"inLanguage\":\"de-DE\",\"@id\":\"https:\\\/\\\/normandielovers.fr\\\/de\\\/elisa-grosset\\\/#primaryimage\",\"url\":\"https:\\\/\\\/photos.smugmug.com\\\/Region-Lovers\\\/Equipe\\\/i-QnrB7DM\\\/0\\\/1599e528\\\/L\\\/Elisa-L.jpg\",\"contentUrl\":\"https:\\\/\\\/photos.smugmug.com\\\/Region-Lovers\\\/Equipe\\\/i-QnrB7DM\\\/0\\\/1599e528\\\/L\\\/Elisa-L.jpg\"},{\"@type\":\"BreadcrumbList\",\"@id\":\"https:\\\/\\\/normandielovers.fr\\\/de\\\/elisa-grosset\\\/#breadcrumb\",\"itemListElement\":[{\"@type\":\"ListItem\",\"position\":1,\"name\":\"Home\",\"item\":\"https:\\\/\\\/normandielovers.fr\\\/de\\\/\"},{\"@type\":\"ListItem\",\"position\":2,\"name\":\"\u00dcber Elisa GROSSET\"}]},{\"@type\":\"WebSite\",\"@id\":\"https:\\\/\\\/normandielovers.fr\\\/de\\\/#website\",\"url\":\"https:\\\/\\\/normandielovers.fr\\\/de\\\/\",\"name\":\"Normandie Lovers\",\"description\":\"Um Ihre Sinne in der Normandie zu wecken - Der Blog von Claire und Manu\",\"publisher\":{\"@id\":\"https:\\\/\\\/normandielovers.fr\\\/de\\\/#organization\"},\"potentialAction\":[{\"@type\":\"SearchAction\",\"target\":{\"@type\":\"EntryPoint\",\"urlTemplate\":\"https:\\\/\\\/normandielovers.fr\\\/de\\\/?s={search_term_string}\"},\"query-input\":{\"@type\":\"PropertyValueSpecification\",\"valueRequired\":true,\"valueName\":\"search_term_string\"}}],\"inLanguage\":\"de-DE\"},{\"@type\":\"Organization\",\"@id\":\"https:\\\/\\\/normandielovers.fr\\\/de\\\/#organization\",\"name\":\"Normandie Lovers\",\"url\":\"https:\\\/\\\/normandielovers.fr\\\/de\\\/\",\"logo\":{\"@type\":\"ImageObject\",\"inLanguage\":\"de-DE\",\"@id\":\"https:\\\/\\\/normandielovers.fr\\\/de\\\/#\\\/schema\\\/logo\\\/image\\\/\",\"url\":\"https:\\\/\\\/normandielovers.fr\\\/wp-content\\\/uploads\\\/2022\\\/11\\\/Normandie-Lovers-Logo-reiseblog.png\",\"contentUrl\":\"https:\\\/\\\/normandielovers.fr\\\/wp-content\\\/uploads\\\/2022\\\/11\\\/Normandie-Lovers-Logo-reiseblog.png\",\"width\":2884,\"height\":864,\"caption\":\"Normandie Lovers\"},\"image\":{\"@id\":\"https:\\\/\\\/normandielovers.fr\\\/de\\\/#\\\/schema\\\/logo\\\/image\\\/\"}}]}<\/script>\n<!-- \/ Yoast SEO plugin. -->","yoast_head_json":{"title":"\u00dcber Elisa GROSSET - Normandie Lovers","robots":{"index":"index","follow":"follow","max-snippet":"max-snippet:-1","max-image-preview":"max-image-preview:large","max-video-preview":"max-video-preview:-1"},"canonical":"https:\/\/normandielovers.fr\/de\/elisa-grosset\/","og_locale":"de_DE","og_type":"article","og_title":"\u00dcber Elisa GROSSET - Normandie Lovers","og_description":"Wir stellen Ihnen Elisa vor, Mitarbeiterin von Region Lovers, einem fr\u00f6hlichen Unternehmen, das seit mehr als 10 Jahren die Welt bereist, um Ihnen zertifizierte, qualitativ hochwertige und n\u00fctzliche Informationen zu liefern. Wir m\u00f6chten Ihnen helfen, Entscheidungen zu treffen, damit Sie eine Reise zusammenstellen k\u00f6nnen, die zu Ihnen passt. Das Team w\u00e4chst im Laufe der Jahre, [&hellip;]","og_url":"https:\/\/normandielovers.fr\/de\/elisa-grosset\/","og_site_name":"Normandie Lovers","article_modified_time":"2024-02-18T10:17:36+00:00","og_image":[{"url":"https:\/\/photos.smugmug.com\/Region-Lovers\/Equipe\/i-QnrB7DM\/0\/1599e528\/L\/Elisa-L.jpg","type":"","width":"","height":""}],"twitter_card":"summary_large_image","twitter_misc":{"Gesch\u00e4tzte Lesezeit":"1 Minute"},"schema":{"@context":"https:\/\/schema.org","@graph":[{"@type":"WebPage","@id":"https:\/\/normandielovers.fr\/de\/elisa-grosset\/","url":"https:\/\/normandielovers.fr\/de\/elisa-grosset\/","name":"\u00dcber Elisa GROSSET - Normandie Lovers","isPartOf":{"@id":"https:\/\/normandielovers.fr\/de\/#website"},"primaryImageOfPage":{"@id":"https:\/\/normandielovers.fr\/de\/elisa-grosset\/#primaryimage"},"image":{"@id":"https:\/\/normandielovers.fr\/de\/elisa-grosset\/#primaryimage"},"thumbnailUrl":"https:\/\/photos.smugmug.com\/Region-Lovers\/Equipe\/i-QnrB7DM\/0\/1599e528\/L\/Elisa-L.jpg","datePublished":"2024-01-11T17:02:06+00:00","dateModified":"2024-02-18T10:17:36+00:00","breadcrumb":{"@id":"https:\/\/normandielovers.fr\/de\/elisa-grosset\/#breadcrumb"},"inLanguage":"de-DE","potentialAction":[{"@type":"ReadAction","target":["https:\/\/normandielovers.fr\/de\/elisa-grosset\/"]}]},{"@type":"ImageObject","inLanguage":"de-DE","@id":"https:\/\/normandielovers.fr\/de\/elisa-grosset\/#primaryimage","url":"https:\/\/photos.smugmug.com\/Region-Lovers\/Equipe\/i-QnrB7DM\/0\/1599e528\/L\/Elisa-L.jpg","contentUrl":"https:\/\/photos.smugmug.com\/Region-Lovers\/Equipe\/i-QnrB7DM\/0\/1599e528\/L\/Elisa-L.jpg"},{"@type":"BreadcrumbList","@id":"https:\/\/normandielovers.fr\/de\/elisa-grosset\/#breadcrumb","itemListElement":[{"@type":"ListItem","position":1,"name":"Home","item":"https:\/\/normandielovers.fr\/de\/"},{"@type":"ListItem","position":2,"name":"\u00dcber Elisa GROSSET"}]},{"@type":"WebSite","@id":"https:\/\/normandielovers.fr\/de\/#website","url":"https:\/\/normandielovers.fr\/de\/","name":"Normandie Lovers","description":"Um Ihre Sinne in der Normandie zu wecken - Der Blog von Claire und Manu","publisher":{"@id":"https:\/\/normandielovers.fr\/de\/#organization"},"potentialAction":[{"@type":"SearchAction","target":{"@type":"EntryPoint","urlTemplate":"https:\/\/normandielovers.fr\/de\/?s={search_term_string}"},"query-input":{"@type":"PropertyValueSpecification","valueRequired":true,"valueName":"search_term_string"}}],"inLanguage":"de-DE"},{"@type":"Organization","@id":"https:\/\/normandielovers.fr\/de\/#organization","name":"Normandie Lovers","url":"https:\/\/normandielovers.fr\/de\/","logo":{"@type":"ImageObject","inLanguage":"de-DE","@id":"https:\/\/normandielovers.fr\/de\/#\/schema\/logo\/image\/","url":"https:\/\/normandielovers.fr\/wp-content\/uploads\/2022\/11\/Normandie-Lovers-Logo-reiseblog.png","contentUrl":"https:\/\/normandielovers.fr\/wp-content\/uploads\/2022\/11\/Normandie-Lovers-Logo-reiseblog.png","width":2884,"height":864,"caption":"Normandie Lovers"},"image":{"@id":"https:\/\/normandielovers.fr\/de\/#\/schema\/logo\/image\/"}}]}},"featured_image_src":null,"featured_image_src_square":null,"_links":{"self":[{"href":"https:\/\/normandielovers.fr\/de\/wp-json\/wp\/v2\/pages\/12499","targetHints":{"allow":["GET"]}}],"collection":[{"href":"https:\/\/normandielovers.fr\/de\/wp-json\/wp\/v2\/pages"}],"about":[{"href":"https:\/\/normandielovers.fr\/de\/wp-json\/wp\/v2\/types\/page"}],"author":[{"embeddable":true,"href":"https:\/\/normandielovers.fr\/de\/wp-json\/wp\/v2\/users\/2"}],"replies":[{"embeddable":true,"href":"https:\/\/normandielovers.fr\/de\/wp-json\/wp\/v2\/comments?post=12499"}],"version-history":[{"count":0,"href":"https:\/\/normandielovers.fr\/de\/wp-json\/wp\/v2\/pages\/12499\/revisions"}],"wp:attachment":[{"href":"https:\/\/normandielovers.fr\/de\/wp-json\/wp\/v2\/media?parent=12499"}],"curies":[{"name":"wp","href":"https:\/\/api.w.org\/{rel}","templated":true}]}}